{"id":3098,"date":"2019-04-22T18:54:35","date_gmt":"2019-04-22T17:54:35","guid":{"rendered":"https:\/\/www.veertualia.com\/materialis\/"},"modified":"2025-07-25T15:47:13","modified_gmt":"2025-07-25T14:47:13","slug":"materialis","status":"publish","type":"page","link":"https:\/\/www.veertualia.com\/it\/","title":{"rendered":""},"content":{"rendered":"\r\n<div id=\"overlappable-8\" style=\"background-color: #ffffff; background-image: none;\" data-label=\"Overlappable\" data-id=\"overlappable-5-materialis\" data-export-id=\"overlappable-5-materialis\" data-category=\"overlappable\" class=\"overlappable-5-materialis content-section content-section-spacing-large\" data-overlap=\"true\">\r\n<div class=\"gridContainer\">\r\n<div data-type=\"row\" class=\"row spaced-cols\">\r\n<div class=\"col-xs-12 col-sm-6 col-md-4\">\r\n<div class=\"card mdc-elevation--z3 row-card\">\r\n<div class=\"row\">\r\n<div class=\"col-xs-12 col-sm-fit icon-col\" data-fixed=\"true\"><i class=\"color1 icon mdi mdi-responsive reverse round big\"><\/i><\/div>\r\n<div class=\"col-xs-12 col-sm\" data-type=\"column\">\r\n<h4 class=\"color-black\">SERVIZI<\/h4>\r\n<p class=\"\">Comunicazione, SEO-SEM, gestione reti sociali, web hosting, sviluppo di software su misura.<\/p>\r\n<\/div>\r\n<\/div>\r\n<\/div>\r\n<\/div>\r\n<div class=\"col-xs-12 col-sm-6 col-md-4\">\r\n<div class=\"card mdc-elevation--z3 row-card\">\r\n<div class=\"row\">\r\n<div class=\"col-xs-12 col-sm-fit icon-col\" data-fixed=\"true\"><i class=\"color1 icon mdi mdi-animation reverse round big\"><\/i><\/div>\r\n<div class=\"col-xs-12 col-sm\" data-type=\"column\">\r\n<h4 class=\"color-black\">ESPERIENZA<\/h4>\r\n<p class=\"\">\u00c8 l&#8217;unica cosa che dovresti cercare. Se non sei sicuro di averne bisogno, non chiamarci.<\/p>\r\n<\/div>\r\n<\/div>\r\n<\/div>\r\n<\/div>\r\n<div class=\"col-xs-12 col-sm-6 col-md-4\">\r\n<div class=\"card mdc-elevation--z3 row-card\">\r\n<div class=\"row\">\r\n<div class=\"col-xs-12 col-sm-fit icon-col\" data-fixed=\"true\"><i class=\"color1 icon mdi mdi-auto-fix reverse round big\"><\/i><\/div>\r\n<div class=\"col-xs-12 col-sm\" data-type=\"column\">\r\n<h4 class=\"color-black\">SOLUZIONI<\/h4>\r\n<p class=\"\">Se hai bisogno di iniziare un nuovo progetto IT, o di ristabilire un servizio critico, consultaci.<\/p>\r\n<\/div>\r\n<\/div>\r\n<\/div>\r\n<\/div>\r\n<\/div>\r\n<\/div>\r\n<\/div>\r\n\r\n\r\n\r\n<div data-label=\"About\" data-id=\"about--1\" data-export-id=\"about-1\" data-category=\"about\" class=\"about-1 content-section content-section-spacing-large\" id=\"about-1\" style=\"background-color: #ffffff; background-image: none; height: auto !important;\">\r\n<div class=\"gridContainer\" style=\"height: auto !important;\">\r\n<div class=\"row col-xs-12\">\r\n<div class=\"section-title-col\" data-type=\"column\">\r\n<h5 class=\"\">IL NOSTRO STUDIO<\/h5>\r\n<h2 class=\"\">Siamo <strong>professionisti<\/strong> dell&#8217;informatica, e <strong>ci piace<\/strong>.<\/h2>\r\n<p class=\"lead\">Abbiamo risolto problemi e aiutato i nostri clienti a far crescere il loro business per pi\u00f9 di <strong>30 anni<\/strong>. Abbiamo viaggiato attraverso tutti i diversi tipi di tecnologie, piattaforme, architetture.<br \/>E <strong>grandi idee<\/strong>. Di qualsiasi cosa tu abbia bisogno, possiamo darti il consiglio giusto e aiutarti a raggiungere il tuo obiettivo. In effetti, <strong>ci piace farlo<\/strong>.<\/p>\r\n<\/div>\r\n<\/div>\r\n<div class=\"row col-xs-12\">\r\n<div class=\"button-holder space-bottom space-bottom-small\" data-type=\"column\"><\/div>\r\n<div class=\"col-xs bottom-xs flexbox image-group-bottom-3-img center-xs\"><img decoding=\"async\"  title=\" | Veertualia\"   alt=\" | Veertualia\"  class=\"left-img mdc-elevation--z10 rounded-topleft-topright\" data-size=\"400x275\" src=\"https:\/\/www.veertualia.com\/store\/wp-content\/webp-express\/webp-images\/doc-root\/store\/wp-content\/uploads\/2019\/04\/feat6.png.webp\" \/> <img decoding=\"async\"  title=\" | Veertualia\"   alt=\" | Veertualia\"  class=\"center-img mdc-elevation--z10 rounded-topleft-topright\" data-size=\"500x325\" src=\"https:\/\/www.veertualia.com\/store\/wp-content\/webp-express\/webp-images\/doc-root\/store\/wp-content\/uploads\/2019\/04\/feat4.png.webp\" \/> <img decoding=\"async\"  title=\" | Veertualia\"   alt=\" | Veertualia\"  class=\"right-img mdc-elevation--z10 rounded-topleft-topright\" data-size=\"400x275\" src=\"https:\/\/www.veertualia.com\/store\/wp-content\/webp-express\/webp-images\/doc-root\/store\/wp-content\/uploads\/2019\/04\/feat5.png.webp\" \/><\/div>\r\n<\/div>\r\n<\/div>\r\n<\/div>\r\n\r\n\r\n\r\n<div data-label=\"About\" data-id=\"about--2\" data-export-id=\"about-4\" data-category=\"about\" class=\"about-4 content-section content-section-spacing-large\" id=\"about-2\" style=\"background-color: #ffffff; background-image: none; height: auto !important;\">\r\n<div class=\"gridContainer\">\r\n<div class=\"row middle-sm text-center\">\r\n<div class=\"col-sm-5 space-bottom-xs\" data-type=\"column\">\r\n<h5 class=\"\">PERCH\u00c9 SCEGLIERE NOI<\/h5>\r\n<h2 class=\"\">Siamo <strong>artigiani digitali<\/strong> guidati dalla <strong>passione<\/strong>.<\/h2>\r\n<p class=\"\">Aiutarti a valutare le tue <strong>esigenze<\/strong>, pianificare una <strong>strategia<\/strong> e implementare la soluzione <strong>perfetta<\/strong> per il tuo progetto IT non \u00e8 solo un altro lavoro, per noi.<br \/>Ci piacciono le sfide. Non ti forniremo una soluzione <strong>qualsiasi<\/strong>, ma esclusivamente quella su misura <strong>per te<\/strong>. E siamo abbastanza bravi in questo. Questo \u00e8 il valore aggiunto che deriva dalla nostra <strong>esperienza<\/strong>.<\/p>\r\n<a class=\"button big color1 mdc-ripple-upgraded\" href=\"https:\/\/www.veertualia.com\/it\/contattaci\/\" target=\"_self\" data-cp-link=\"1\" rel=\"noopener noreferrer\">PARLIAMONE<\/a><\/div>\r\n<div class=\"col-sm-7 flexbox center-xs middle-xs image-group-2-img padding-top-bottom\"><img decoding=\"async\"  title=\" | Veertualia\"   alt=\" | Veertualia\"  class=\"img-1 rounded mdc-elevation--z10\" data-size=\"250x200\" src=\"https:\/\/www.veertualia.com\/store\/wp-content\/webp-express\/webp-images\/doc-root\/store\/wp-content\/uploads\/2019\/04\/feat_3.png.webp\" \/> <img decoding=\"async\"  title=\" | Veertualia\"   alt=\" | Veertualia\"  class=\"img-2 rounded mdc-elevation--z10\" data-size=\"220x170\" src=\"https:\/\/www.veertualia.com\/store\/wp-content\/webp-express\/webp-images\/doc-root\/store\/wp-content\/uploads\/2019\/04\/feat_1.png.webp\" \/><\/div>\r\n<\/div>\r\n<\/div>\r\n<\/div>\r\n\r\n\r\n\r\n<div data-label=\"Features\" data-id=\"features--1\" data-export-id=\"features-13-card-bordered\" data-category=\"features\" class=\"features-13 content-section content-section-spacing-large\" id=\"features-1\" style=\"background-color: #ffffff; background-image: none; height: auto !important;\">\r\n<div class=\"gridContainer\" style=\"height: auto !important;\">\r\n<div class=\"row text-center\">\r\n<div class=\"section-title-col\" data-type=\"column\">\r\n<h2 class=\"\">Che cosa facciamo<\/h2>\r\n<\/div>\r\n<\/div>\r\n<div class=\"row spaced-cols content-center-sm\" data-type=\"row\" style=\"height: auto !important;\">\r\n<div class=\"col-xs-12 col-sm-4\">\r\n<div class=\"card mdc-elevation--z3 bordered y-move\" data-type=\"column\"><i class=\"mdi icon color1 mdi-lightbulb-on-outline reverse round big\"><\/i>\r\n<h4 class=\"\">CONSULENZA IT<\/h4>\r\n<p class=\"\">Abbiamo diretto e gestito <strong>molti progetti IT<\/strong> su larga scala. Dal branding di prodotto alla gestione commerciale, dal processo di design alla pianificazione dell&#8217;implementazione e dello sviluppo fino al reclutamento delle risorse umane. Se hai una <strong>grande idea<\/strong> ma non sei esattamente sicuro da dove partire, <strong>scegli l&#8217;esperienza<\/strong>.<\/p>\r\n<\/div>\r\n<\/div>\r\n<div class=\"col-xs-12 col-sm-4\">\r\n<div class=\"card mdc-elevation--z3 bordered y-move\" data-type=\"column\"><i class=\"mdi icon color1 mdi-ruler reverse round big\"><\/i>\r\n<h4 class=\"\">SOLUZIONI SU MISURA<\/h4>\r\n<p class=\"\">Dalla creazione di soluzioni software <strong>personalizzate<\/strong> per il tuo progetto, alla progettazione e sviluppo di nuovi siti web aziendali. <strong>Progettiamo e creiamo<\/strong> applicazioni di elaborazione dati personalizzate, negozi online, directory aziendali, comunit\u00e0 online e ti aiutiamo a rinnovare o migrare la tua presenza sul web. E questo <strong>\u00e8 solo l&#8217;inizio<\/strong>.<\/p>\r\n<\/div>\r\n<\/div>\r\n<div class=\"col-xs-12 col-sm-4\">\r\n<div class=\"card mdc-elevation--z3 bordered y-move\" data-type=\"column\"><i class=\"mdi icon color1 mdi-web reverse round big\"><\/i>\r\n<h4 class=\"\">WEB HOSTING<\/h4>\r\n<p class=\"\">Possiamo ospitare il tuo sito o applicazione web sui nostri server dedicati. Hardware di <strong>prima classe<\/strong> e gestione della sicurezza insieme a piani di hosting su misura per le tue esigenze. Ma nessuna delle nostre soluzioni di hosting avanzato per i clienti fornisce solo ci\u00f2 che il piano dice. Avrai sempre <strong>quello che ti serve<\/strong>.<\/p>\r\n<\/div>\r\n<\/div>\r\n<div class=\"col-xs-12 col-sm-4\">\r\n<div class=\"card mdc-elevation--z3 bordered y-move\" data-type=\"column\"><i class=\"mdi icon color1 mdi-compass-outline reverse round big\"><\/i>\r\n<h4 class=\"\">PROJECT SUPPORT<\/h4>\r\n<p class=\"\">Stai gi\u00e0 gestendo un progetto web perfetto, ma hai intenzione di <strong>espanderlo<\/strong> o di sviluppare nuove funzionalit\u00e0?<br \/>O, forse, hai semplicemente bisogno di <strong>cambiare<\/strong> o migliorare il livello del team di manutenzione e supporto attuale? Possiamo aiutarti a valutare le tue <strong>esigenze<\/strong> e a prendere le <strong>decisioni giuste<\/strong>.<br \/>Insieme.<\/p>\r\n<\/div>\r\n<\/div>\r\n<div class=\"col-xs-12 col-sm-4\">\r\n<div class=\"card mdc-elevation--z3 bordered y-move\" data-type=\"column\"><i class=\"mdi icon color1 mdi-search-web reverse round big\"><\/i>\r\n<h4 class=\"\">SEO \/ SEM<\/h4>\r\n<p class=\"\">\u00c8 pieno di esperti <strong>SEO<\/strong> l\u00e0 fuori, che ti vendono il metodo perfetto per scalare la montagna di Google. Non esiste: nessuna presenza sul web \u00e8 <strong>uguale all&#8217;altra<\/strong>. Non \u00e8 un lavoro da catena di montaggio, ha bisogno di un <strong>sarto esperto<\/strong>, ancora una volta. Il <strong>SEM<\/strong> non \u00e8 diverso, ma non \u00e8 solo pagare gli annunci. Ha bisogno di un buon SEO. Noi sappiamo perch\u00e9 e come.<\/p>\r\n<\/div>\r\n<\/div>\r\n<div class=\"col-xs-12 col-sm-4\">\r\n<div class=\"card mdc-elevation--z3 bordered y-move\" data-type=\"column\"><i class=\"mdi icon color1 mdi-account-star reverse round big\"><\/i>\r\n<h4 class=\"\">RETI SOCIALI<\/h4>\r\n<p class=\"\">Ti aiuteremo a pianificare e realizzare una strategia mediatica <strong>efficace<\/strong> sulle reti sociali standard e specializzate. Non ti proporremo di prendere scorciatoie e comprare follower. <strong>Ci prenderemo cura<\/strong> della presenza sociale della tua azienda e del suo marchio <strong>come se fossero nostri<\/strong>, invece. E ti aiuteremo a costruire una reputazione sociale solida e genuina.<\/p>\r\n<\/div>\r\n<\/div>\r\n<\/div>\r\n<\/div>\r\n<\/div>\r\n\r\n\r\n\r\n<div id=\"contact-1\" data-label=\"Contact\" data-id=\"contact-1\" data-export-id=\"contact-1\" data-category=\"contact\" class=\"contact-1 content-section content-section-spacing-large content-relative white-text\" data-parallax-depth=\"20\" style=\"background-image: url('https:\/\/www.veertualia.com\/store\/wp-content\/uploads\/2022\/01\/IT-consulting-services-Servizi-di-consulenza-IT-Servicios-de-consultoria-IT-Roma-Barcelona.jpg'); background-size: cover; background-position: center top;\">\r\n<div class=\"gridContainer\">\r\n<div class=\"row text-center\">\r\n<div class=\"section-title-col\" data-type=\"column\">\r\n<h2 class=\"\">Contattaci<\/h2>\r\n<\/div>\r\n<\/div>\r\n<div class=\"row text-center\">\r\n<div class=\"col-xs-12 col-sm-8 col-sm-offset-2 contact-form-wrapper inline-info\">\r\n<div class=\"card mdc-elevation--z3 col-padding-top\">\r\n<div class=\"dark-text\" data-content-shortcode=\"materialis_contact_form shortcode=&quot;contact-form-7 id=&amp;amp;quot;1829&amp;amp;quot; title=&amp;amp;quot;Contact us&amp;amp;quot;&quot;\" data-editable=\"true\"><div class=\"wpforms-container wpforms-container-full\" id=\"wpforms-3308\"><form id=\"wpforms-form-3308\" class=\"wpforms-validate wpforms-form wpforms-ajax-form\" data-formid=\"3308\" method=\"post\" enctype=\"multipart\/form-data\" action=\"\/it\/wp-json\/wp\/v2\/pages\/3098\" data-token=\"038f2e81fe4d4bd6c2c2bb99f97c9555\" data-token-time=\"1776203307\"><noscript class=\"wpforms-error-noscript\">Please enable JavaScript in your browser to complete this form.<\/noscript><div class=\"wpforms-field-container\"><div id=\"wpforms-3308-field_0-container\" class=\"wpforms-field wpforms-field-name\" data-field-id=\"0\"><label class=\"wpforms-field-label\" for=\"wpforms-3308-field_0\">Nome <span class=\"wpforms-required-label\">*<\/span><\/label><input type=\"text\" id=\"wpforms-3308-field_0\" class=\"wpforms-field-medium wpforms-field-required\" name=\"wpforms[fields][0]\" required><\/div><div id=\"wpforms-3308-field_1-container\" class=\"wpforms-field wpforms-field-email\" data-field-id=\"1\"><label class=\"wpforms-field-label\" for=\"wpforms-3308-field_1\">Email <span class=\"wpforms-required-label\">*<\/span><\/label><input type=\"email\" id=\"wpforms-3308-field_1\" class=\"wpforms-field-medium wpforms-field-required\" name=\"wpforms[fields][1]\" spellcheck=\"false\" required><\/div><div id=\"wpforms-3308-field_2-container\" class=\"wpforms-field wpforms-field-textarea\" data-field-id=\"2\"><label class=\"wpforms-field-label\" for=\"wpforms-3308-field_2\">Messaggio <span class=\"wpforms-required-label\">*<\/span><\/label><textarea id=\"wpforms-3308-field_2\" class=\"wpforms-field-medium wpforms-field-required\" name=\"wpforms[fields][2]\" required><\/textarea><\/div><div id=\"wpforms-3308-field_3-container\" class=\"wpforms-field wpforms-field-gdpr-checkbox\" data-field-id=\"3\"><label class=\"wpforms-field-label\">Accordo GDPR <span class=\"wpforms-required-label\">*<\/span><\/label><ul id=\"wpforms-3308-field_3\" class=\"wpforms-field-required\"><li class=\"choice-1\"><input type=\"checkbox\" id=\"wpforms-3308-field_3_1\" name=\"wpforms[fields][3][]\" value=\"Acconsento alla memorizzazione da parte di questo sito web delle informazioni da me fornite per poter rispondere alla mia richiesta.\" required ><label class=\"wpforms-field-label-inline\" for=\"wpforms-3308-field_3_1\">Acconsento alla memorizzazione da parte di questo sito web delle informazioni da me fornite per poter rispondere alla mia richiesta.<\/label><\/li><\/ul><\/div><\/div><!-- .wpforms-field-container --><div class=\"wpforms-recaptcha-container wpforms-is-recaptcha wpforms-is-recaptcha-type-v3\" ><input type=\"hidden\" name=\"wpforms[recaptcha]\" value=\"\"><\/div><div class=\"wpforms-submit-container\" ><input type=\"hidden\" name=\"wpforms[id]\" value=\"3308\"><input type=\"hidden\" name=\"page_title\" value=\"\"><input type=\"hidden\" name=\"page_url\" value=\"https:\/\/www.veertualia.com\/it\/wp-json\/wp\/v2\/pages\/3098\"><input type=\"hidden\" name=\"url_referer\" value=\"\"><button type=\"submit\" name=\"wpforms[submit]\" id=\"wpforms-submit-3308\" class=\"wpforms-submit\" data-alt-text=\"Invio in corso...\" data-submit-text=\"Inviare\" aria-live=\"assertive\" value=\"wpforms-submit\">Inviare<\/button><img  title=\" | Veertualia\" loading=\"lazy\" decoding=\"async\" src=\"https:\/\/www.veertualia.com\/store\/wp-content\/plugins\/wpforms-lite\/assets\/images\/submit-spin.svg\" class=\"wpforms-submit-spinner\" style=\"display: none;\" width=\"26\" height=\"26\"  alt=\" | Veertualia\" ><\/div><\/form><\/div>  <!-- .wpforms-container --><\/div>\r\n<\/div>\r\n<\/div>\r\n<\/div>\r\n<\/div>\r\n<\/div>\r\n","protected":false},"excerpt":{"rendered":"","protected":false},"author":30,"featured_media":3077,"parent":0,"menu_order":0,"comment_status":"closed","ping_status":"closed","template":"page-templates\/homepage.php","meta":{"footnotes":""},"class_list":["post-3098","page","type-page","status-publish","has-post-thumbnail","hentry"],"yoast_head":"<!-- This site is optimized with the Yoast SEO plugin v27.4 - https:\/\/yoast.com\/product\/yoast-seo-wordpress\/ -->\n<title>Veertualia | Servizi di consulenza informatica | Barcellona<\/title>\n<meta name=\"description\" content=\"Consulenza informatica, web design, strategia di comunicazione, marketing digitale, posizionamento SEO e SEM. Soluzioni su misura per te.\" \/>\n<meta name=\"robots\" content=\"index, follow, max-snippet:-1, max-image-preview:large, max-video-preview:-1\" \/>\n<link rel=\"canonical\" href=\"https:\/\/www.veertualia.com\/it\/\" \/>\n<meta property=\"og:locale\" content=\"it_IT\" \/>\n<meta property=\"og:type\" content=\"article\" \/>\n<meta property=\"og:title\" content=\"Veertualia | Servizi di consulenza informatica | Barcellona\" \/>\n<meta property=\"og:description\" content=\"Consulenza informatica, web design, strategia di comunicazione, marketing digitale, posizionamento SEO e SEM. Soluzioni su misura per te.\" \/>\n<meta property=\"og:url\" content=\"https:\/\/www.veertualia.com\/it\/\" \/>\n<meta property=\"og:site_name\" content=\"Veertualia\" \/>\n<meta property=\"article:publisher\" content=\"https:\/\/www.facebook.com\/veertualia\/\" \/>\n<meta property=\"article:modified_time\" content=\"2025-07-25T14:47:13+00:00\" \/>\n<meta property=\"og:image\" content=\"https:\/\/www.veertualia.com\/store\/wp-content\/uploads\/2022\/01\/web_header.jpg\" \/>\n\t<meta property=\"og:image:width\" content=\"1920\" \/>\n\t<meta property=\"og:image:height\" content=\"1080\" \/>\n\t<meta property=\"og:image:type\" content=\"image\/jpeg\" \/>\n<meta name=\"twitter:label1\" content=\"Est. reading time\" \/>\n\t<meta name=\"twitter:data1\" content=\"4 minutes\" \/>\n<script type=\"application\/ld+json\" class=\"yoast-schema-graph\">{\"@context\":\"https:\\\/\\\/schema.org\",\"@graph\":[{\"@type\":\"WebPage\",\"@id\":\"https:\\\/\\\/www.veertualia.com\\\/it\\\/\",\"url\":\"https:\\\/\\\/www.veertualia.com\\\/it\\\/\",\"name\":\"Veertualia | Servizi di consulenza informatica | Barcellona\",\"isPartOf\":{\"@id\":\"https:\\\/\\\/www.veertualia.com\\\/it\\\/#website\"},\"primaryImageOfPage\":{\"@id\":\"https:\\\/\\\/www.veertualia.com\\\/it\\\/#primaryimage\"},\"image\":{\"@id\":\"https:\\\/\\\/www.veertualia.com\\\/it\\\/#primaryimage\"},\"thumbnailUrl\":\"https:\\\/\\\/www.veertualia.com\\\/store\\\/wp-content\\\/uploads\\\/2022\\\/01\\\/web_header.jpg\",\"datePublished\":\"2019-04-22T17:54:35+00:00\",\"dateModified\":\"2025-07-25T14:47:13+00:00\",\"description\":\"Consulenza informatica, web design, strategia di comunicazione, marketing digitale, posizionamento SEO e SEM. Soluzioni su misura per te.\",\"inLanguage\":\"it-IT\",\"potentialAction\":[{\"@type\":\"ReadAction\",\"target\":[\"https:\\\/\\\/www.veertualia.com\\\/it\\\/\"]}]},{\"@type\":\"ImageObject\",\"inLanguage\":\"it-IT\",\"@id\":\"https:\\\/\\\/www.veertualia.com\\\/it\\\/#primaryimage\",\"url\":\"https:\\\/\\\/www.veertualia.com\\\/store\\\/wp-content\\\/uploads\\\/2022\\\/01\\\/web_header.jpg\",\"contentUrl\":\"https:\\\/\\\/www.veertualia.com\\\/store\\\/wp-content\\\/uploads\\\/2022\\\/01\\\/web_header.jpg\",\"width\":1920,\"height\":1080,\"caption\":\"Veertualia | Servizi di consulenza informatica | Roma | Barcellona\"},{\"@type\":\"WebSite\",\"@id\":\"https:\\\/\\\/www.veertualia.com\\\/it\\\/#website\",\"url\":\"https:\\\/\\\/www.veertualia.com\\\/it\\\/\",\"name\":\"Veertualia\",\"description\":\"Servizi di consulenza informatica | Barcellona\",\"publisher\":{\"@id\":\"https:\\\/\\\/www.veertualia.com\\\/it\\\/#organization\"},\"potentialAction\":[{\"@type\":\"SearchAction\",\"target\":{\"@type\":\"EntryPoint\",\"urlTemplate\":\"https:\\\/\\\/www.veertualia.com\\\/it\\\/?s={search_term_string}\"},\"query-input\":{\"@type\":\"PropertyValueSpecification\",\"valueRequired\":true,\"valueName\":\"search_term_string\"}}],\"inLanguage\":\"it-IT\"},{\"@type\":\"Organization\",\"@id\":\"https:\\\/\\\/www.veertualia.com\\\/it\\\/#organization\",\"name\":\"Veertualia\",\"url\":\"https:\\\/\\\/www.veertualia.com\\\/it\\\/\",\"logo\":{\"@type\":\"ImageObject\",\"inLanguage\":\"it-IT\",\"@id\":\"https:\\\/\\\/www.veertualia.com\\\/it\\\/#\\\/schema\\\/logo\\\/image\\\/\",\"url\":\"https:\\\/\\\/www.veertualia.com\\\/store\\\/wp-content\\\/uploads\\\/2022\\\/01\\\/veertualia_signature.png\",\"contentUrl\":\"https:\\\/\\\/www.veertualia.com\\\/store\\\/wp-content\\\/uploads\\\/2022\\\/01\\\/veertualia_signature.png\",\"width\":276,\"height\":80,\"caption\":\"Veertualia\"},\"image\":{\"@id\":\"https:\\\/\\\/www.veertualia.com\\\/it\\\/#\\\/schema\\\/logo\\\/image\\\/\"},\"sameAs\":[\"https:\\\/\\\/www.facebook.com\\\/veertualia\\\/\",\"https:\\\/\\\/www.instagram.com\\\/veertualia\\\/\"]}]}<\/script>\n<!-- \/ Yoast SEO plugin. -->","yoast_head_json":{"title":"Veertualia | Servizi di consulenza informatica | Barcellona","description":"Consulenza informatica, web design, strategia di comunicazione, marketing digitale, posizionamento SEO e SEM. Soluzioni su misura per te.","robots":{"index":"index","follow":"follow","max-snippet":"max-snippet:-1","max-image-preview":"max-image-preview:large","max-video-preview":"max-video-preview:-1"},"canonical":"https:\/\/www.veertualia.com\/it\/","og_locale":"it_IT","og_type":"article","og_title":"Veertualia | Servizi di consulenza informatica | Barcellona","og_description":"Consulenza informatica, web design, strategia di comunicazione, marketing digitale, posizionamento SEO e SEM. Soluzioni su misura per te.","og_url":"https:\/\/www.veertualia.com\/it\/","og_site_name":"Veertualia","article_publisher":"https:\/\/www.facebook.com\/veertualia\/","article_modified_time":"2025-07-25T14:47:13+00:00","og_image":[{"width":1920,"height":1080,"url":"https:\/\/www.veertualia.com\/store\/wp-content\/uploads\/2022\/01\/web_header.jpg","type":"image\/jpeg"}],"twitter_misc":{"Est. reading time":"4 minutes"},"schema":{"@context":"https:\/\/schema.org","@graph":[{"@type":"WebPage","@id":"https:\/\/www.veertualia.com\/it\/","url":"https:\/\/www.veertualia.com\/it\/","name":"Veertualia | Servizi di consulenza informatica | Barcellona","isPartOf":{"@id":"https:\/\/www.veertualia.com\/it\/#website"},"primaryImageOfPage":{"@id":"https:\/\/www.veertualia.com\/it\/#primaryimage"},"image":{"@id":"https:\/\/www.veertualia.com\/it\/#primaryimage"},"thumbnailUrl":"https:\/\/www.veertualia.com\/store\/wp-content\/uploads\/2022\/01\/web_header.jpg","datePublished":"2019-04-22T17:54:35+00:00","dateModified":"2025-07-25T14:47:13+00:00","description":"Consulenza informatica, web design, strategia di comunicazione, marketing digitale, posizionamento SEO e SEM. Soluzioni su misura per te.","inLanguage":"it-IT","potentialAction":[{"@type":"ReadAction","target":["https:\/\/www.veertualia.com\/it\/"]}]},{"@type":"ImageObject","inLanguage":"it-IT","@id":"https:\/\/www.veertualia.com\/it\/#primaryimage","url":"https:\/\/www.veertualia.com\/store\/wp-content\/uploads\/2022\/01\/web_header.jpg","contentUrl":"https:\/\/www.veertualia.com\/store\/wp-content\/uploads\/2022\/01\/web_header.jpg","width":1920,"height":1080,"caption":"Veertualia | Servizi di consulenza informatica | Roma | Barcellona"},{"@type":"WebSite","@id":"https:\/\/www.veertualia.com\/it\/#website","url":"https:\/\/www.veertualia.com\/it\/","name":"Veertualia","description":"Servizi di consulenza informatica | Barcellona","publisher":{"@id":"https:\/\/www.veertualia.com\/it\/#organization"},"potentialAction":[{"@type":"SearchAction","target":{"@type":"EntryPoint","urlTemplate":"https:\/\/www.veertualia.com\/it\/?s={search_term_string}"},"query-input":{"@type":"PropertyValueSpecification","valueRequired":true,"valueName":"search_term_string"}}],"inLanguage":"it-IT"},{"@type":"Organization","@id":"https:\/\/www.veertualia.com\/it\/#organization","name":"Veertualia","url":"https:\/\/www.veertualia.com\/it\/","logo":{"@type":"ImageObject","inLanguage":"it-IT","@id":"https:\/\/www.veertualia.com\/it\/#\/schema\/logo\/image\/","url":"https:\/\/www.veertualia.com\/store\/wp-content\/uploads\/2022\/01\/veertualia_signature.png","contentUrl":"https:\/\/www.veertualia.com\/store\/wp-content\/uploads\/2022\/01\/veertualia_signature.png","width":276,"height":80,"caption":"Veertualia"},"image":{"@id":"https:\/\/www.veertualia.com\/it\/#\/schema\/logo\/image\/"},"sameAs":["https:\/\/www.facebook.com\/veertualia\/","https:\/\/www.instagram.com\/veertualia\/"]}]}},"_links":{"self":[{"href":"https:\/\/www.veertualia.com\/it\/wp-json\/wp\/v2\/pages\/3098","targetHints":{"allow":["GET"]}}],"collection":[{"href":"https:\/\/www.veertualia.com\/it\/wp-json\/wp\/v2\/pages"}],"about":[{"href":"https:\/\/www.veertualia.com\/it\/wp-json\/wp\/v2\/types\/page"}],"author":[{"embeddable":true,"href":"https:\/\/www.veertualia.com\/it\/wp-json\/wp\/v2\/users\/30"}],"replies":[{"embeddable":true,"href":"https:\/\/www.veertualia.com\/it\/wp-json\/wp\/v2\/comments?post=3098"}],"version-history":[{"count":8,"href":"https:\/\/www.veertualia.com\/it\/wp-json\/wp\/v2\/pages\/3098\/revisions"}],"predecessor-version":[{"id":3428,"href":"https:\/\/www.veertualia.com\/it\/wp-json\/wp\/v2\/pages\/3098\/revisions\/3428"}],"wp:featuredmedia":[{"embeddable":true,"href":"https:\/\/www.veertualia.com\/it\/wp-json\/wp\/v2\/media\/3077"}],"wp:attachment":[{"href":"https:\/\/www.veertualia.com\/it\/wp-json\/wp\/v2\/media?parent=3098"}],"curies":[{"name":"wp","href":"https:\/\/api.w.org\/{rel}","templated":true}]}}